{"id":4232,"date":"2020-04-01T05:51:17","date_gmt":"2020-04-01T04:51:17","guid":{"rendered":"https:\/\/earth-c-air.com\/?page_id=4232"},"modified":"2025-01-14T06:03:18","modified_gmt":"2025-01-14T05:03:18","slug":"spenden","status":"publish","type":"page","link":"https:\/\/earth-c-air.com\/fr\/spenden\/","title":{"rendered":"Dons"},"content":{"rendered":"<div id=\"pl-4232\"  class=\"panel-layout\" ><div id=\"pg-4232-0\"  class=\"panel-grid panel-no-style\" ><div id=\"pgc-4232-0-0\"  class=\"panel-grid-cell\" ><div id=\"panel-4232-0-0-0\" class=\"so-panel widget widget_sow-editor panel-first-child\" data-index=\"0\" ><div\n\t\t\t\n\t\t\tclass=\"so-widget-sow-editor so-widget-sow-editor-base\"\n\t\t\t\n\t\t><h3 class=\"widget-title\">Comment vous pouvez aider<\/h3>\n<div class=\"siteorigin-widget-tinymce textwidget\">\n\t<p><b><\/b><\/p>\n<p>La pauvret\u00e9 fa\u00e7onne la vie d'innombrables personnes au N\u00e9pal. Beaucoup souffrent d'un manque d'approvisionnement. Alors que nous associons des montagnes \u00e0 couper le souffle au N\u00e9pal, nous oublions que le N\u00e9pal est l'un des pays les plus pauvres du monde. Avec votre don, nous donnons une chance au peuple du N\u00e9pal.<\/p>\n<p><b><\/b><\/p>\n<\/div>\n<\/div><\/div><div id=\"panel-4232-0-0-1\" class=\"so-panel widget widget_sow-image\" data-index=\"1\" ><div\n\t\t\t\n\t\t\tclass=\"so-widget-sow-image so-widget-sow-image-default-c67d20f9f743-4232\"\n\t\t\t\n\t\t>\n<div class=\"sow-image-container\">\n\t\t\t<a href=\"https:\/\/earth-c-air.com\/wp-content\/uploads\/2022\/08\/EinzahlungsscheinQR.pdf\"\n\t\t\ttarget=\"_blank\" rel=\"noopener noreferrer\" \t\t>\n\t\t\t<img fetchpriority=\"high\" \n\tsrc=\"https:\/\/earth-c-air.com\/wp-content\/uploads\/2022\/08\/einzahlungsscheinQR.png\" width=\"583\" height=\"311\" srcset=\"https:\/\/earth-c-air.com\/wp-content\/uploads\/2022\/08\/einzahlungsscheinQR.png 583w, https:\/\/earth-c-air.com\/wp-content\/uploads\/2022\/08\/einzahlungsscheinQR-300x160.png 300w\" sizes=\"(max-width: 583px) 100vw, 583px\" alt=\"\" \t\tclass=\"so-widget-image\"\/>\n\t\t\t<\/a><\/div>\n\n<\/div><\/div><div id=\"panel-4232-0-0-2\" class=\"so-panel widget widget_sow-editor\" data-index=\"2\" ><div class=\"panel-widget-style panel-widget-style-for-4232-0-0-2\" ><div\n\t\t\t\n\t\t\tclass=\"so-widget-sow-editor so-widget-sow-editor-base\"\n\t\t\t\n\t\t>\n<div class=\"siteorigin-widget-tinymce textwidget\">\n\t<p><a href=\"https:\/\/earth-c-air.com\/wp-content\/uploads\/2022\/08\/EinzahlungsscheinQR.pdf\" target=\"_blank\" rel=\"noopener\">Download bulletin de versement<\/a><\/p>\n<\/div>\n<\/div><\/div><\/div><div id=\"panel-4232-0-0-3\" class=\"so-panel widget widget_sow-editor\" data-index=\"3\" ><div\n\t\t\t\n\t\t\tclass=\"so-widget-sow-editor so-widget-sow-editor-base\"\n\t\t\t\n\t\t>\n<div class=\"siteorigin-widget-tinymce textwidget\">\n\t<p><b><\/b><\/p>\n<p>Actuellement, les dons sont principalement utilis\u00e9s pour l'\u00e9quipement m\u00e9dical de l'h\u00f4pital. Le centre m\u00e9dical a besoin d'urgence d'un laboratoire, d'une installation dentaire et de bien d'autres choses encore. Afin de fournir des soins m\u00e9dicaux de base \u00e0 l'ensemble de la population de la r\u00e9gion nord de Gorkha, des installations technico-m\u00e9dicales suppl\u00e9mentaires sont n\u00e9cessaires.<\/p>\n<p><b><\/b><\/p>\n<\/div>\n<\/div><\/div><div id=\"panel-4232-0-0-4\" class=\"widget_text so-panel widget widget_custom_html\" data-index=\"4\" ><div id=\"hilfeKommtAn\" class=\"widget_text panel-widget-style panel-widget-style-for-4232-0-0-4\" ><div class=\"textwidget custom-html-widget\"><div class=\"su-divider su-divider-style-default\" style=\"margin:15px 0;border-width:1px;border-color:#999999\"><a href=\"#\" style=\"color:#999999\">top<\/a><\/div>\n<\/div><\/div><\/div><div id=\"panel-4232-0-0-5\" class=\"so-panel widget widget_sow-editor panel-last-child\" data-index=\"5\" ><div\n\t\t\t\n\t\t\tclass=\"so-widget-sow-editor so-widget-sow-editor-base\"\n\t\t\t\n\t\t><h3 class=\"widget-title\">Votre aide arrive<\/h3>\n<div class=\"siteorigin-widget-tinymce textwidget\">\n\t<p><b><\/b><\/p>\n<p>Nous garantissons que l'aide arrive. Earth C-Air fait du travail b\u00e9n\u00e9vole sans aucune r\u00e9mun\u00e9ration.<\/p>\n<p>Les d\u00e9penses in\u00e9vitables, telles que le remboursement des frais des sp\u00e9cialistes et des aides, s'\u00e9l\u00e8vent \u00e0 bien moins de 10 % du volume total des dons. Votre don profite aux habitants dans le besoin. Pour atteindre cet objectif, nous travaillons avec des partenaires sinc\u00e8res et notre propre ONG au N\u00e9pal.<\/p>\n<p><strong>Notre organisme d'aide est exon\u00e9r\u00e9 d'imp\u00f4ts.<\/strong><\/p>\n<p><b><\/b><\/p>\n<\/div>\n<\/div><\/div><\/div><\/div><div id=\"pg-4232-1\"  class=\"panel-grid panel-no-style\" ><div id=\"pgc-4232-1-0\"  class=\"panel-grid-cell\" ><div id=\"panel-4232-1-0-0\" class=\"so-panel widget widget_sow-editor panel-first-child panel-last-child\" data-index=\"6\" ><div\n\t\t\t\n\t\t\tclass=\"so-widget-sow-editor so-widget-sow-editor-base\"\n\t\t\t\n\t\t><h3 class=\"widget-title\">Contact<\/h3>\n<div class=\"siteorigin-widget-tinymce textwidget\">\n\t<p><strong>Verein Earth C-Air<br \/>\n<\/strong>Spissstrasse 107<br \/>\nHeliport<br \/>\nCH-3920 Zermatt<\/p>\n<ul>\n<li>Bruno Jelk<br \/>\n+41 79 220 71 01<br \/>\n<a href=\"mailto:jelkb@bluewin.ch\">jelkb@bluewin.ch<\/a><\/li>\n<li>Gerold Biner<br \/>\n<a href=\"mailto:info@earth-c-air.com\">info@earth-c-air.com<\/a><\/li>\n<\/ul>\n<\/div>\n<\/div><\/div><\/div><div id=\"pgc-4232-1-1\"  class=\"panel-grid-cell\" ><div id=\"panel-4232-1-1-0\" class=\"so-panel widget widget_sow-editor panel-first-child panel-last-child\" data-index=\"7\" ><div\n\t\t\t\n\t\t\tclass=\"so-widget-sow-editor so-widget-sow-editor-base\"\n\t\t\t\n\t\t><h3 class=\"widget-title\">D\u00e9tails bancaires<\/h3>\n<div class=\"siteorigin-widget-tinymce textwidget\">\n\t<p><strong>Walliser Kantonalbank<\/strong><br \/>Titulaire du compte: Earth C-Air<br \/>Num\u00e9ro de compte: 102.864.79.10<br \/>Nom du compte: Klubkonto<br \/><strong>IBAN: CH47 0076 5001 0286 4791 0<\/strong><br \/>SWIFT \/ BIC: BCVSCH2LXXX<br \/>Postcheck Nr.: 19-81-6<br \/>Clearing Nr.: 765<\/p>\n<\/div>\n<\/div><\/div><\/div><\/div><div id=\"pg-4232-2\"  class=\"panel-grid panel-no-style\" ><div id=\"pgc-4232-2-0\"  class=\"panel-grid-cell\" ><div id=\"panel-4232-2-0-0\" class=\"widget_text so-panel widget widget_custom_html panel-first-child\" data-index=\"8\" ><div class=\"textwidget custom-html-widget\"><style>\n\t.gridContainer{\n\t\tmax-width: 80%;\n  display: grid;\n  grid-template-columns:  75% auto;\nborder-top: 1px solid #999999;\n\t\tborder-left:1px solid #999999;\n}\n\t.gridContainer div{\n\t\tborder-bottom: 1px solid #999999;\n\t\tborder-right: 1px solid #999999;\n\t\tpadding: 10px;\n}\n\t\n<\/style>\n<div class=\"gridContainer\">\n\t<div><b>\n\t\t\tExemples de co\u00fbts pour votre imagination:\n\t\t\n\t\t<\/b>\n\t<\/div>\n\t<div style=\"text-align: right;\"><b>\n\t\tPrix en\n\t\tCHF\n\t\t<\/b>\n\t<\/div>\n\t<div>\n\t\tSalaire d'un enseignant local par mois\n\t\t\n\t<\/div>\n\t<div style=\"text-align: right;\">\n\t\tCHF 150.00\n\t<\/div>\n\t<div>\n\t\tInventaire scolaire pour 10 enfants\n\t\t\n\t<\/div>\n\t<div style=\"text-align: right;\">\n\t\tCHF 265.00\n\t<\/div>\n\t<div>\n\t\tUne t\u00f4le ondul\u00e9e pour toiture\n\t\t\n\t<\/div>\n\t<div style=\"text-align: right;\">\n\t\tCHF 6.50\n\t<\/div>\n\t<div>\n\t\tBois de construction transform\u00e9 par m3\n\t\t\n\t<\/div>\n\t<div style=\"text-align: right;\">\n\t\tCHF 340.00\n\t<\/div>\n\t<div>\n\t\tUne porte\n\t\t\n\t<\/div>\n\t<div style=\"text-align: right;\">\n\t\tCHF 36.00\n\t<\/div>\n\t<div>\n\t\tUn sac de ciment 50 kg\n\t\t\n\t<\/div>\n\t<div style=\"text-align: right;\">\n\t\tCHF 8.00\n\t<\/div>\n\t<div>\n\t\tUn artisan n\u00e9palais par jour\n\t\t\n\t<\/div>\n\t<div style=\"text-align: right;\">\n\t\tCHF 10.00\n\t<\/div>\n\t<div>\n\t\t100 kg de Riz\n\t\t\n\t<\/div>\n\t<div style=\"text-align: right;\">\n\t\tCHF 40.00\n\t<\/div>\n\t\n\t\n<\/div><\/div><\/div><div id=\"panel-4232-2-0-1\" class=\"so-panel widget widget_sow-editor\" data-index=\"9\" ><div\n\t\t\t\n\t\t\tclass=\"so-widget-sow-editor so-widget-sow-editor-base\"\n\t\t\t\n\t\t>\n<div class=\"siteorigin-widget-tinymce textwidget\">\n\t<p><b><\/b><\/p>\n<p><strong>Le N\u00e9pal est l'un des pays les plus pauvres du monde!<\/strong><\/p>\n<p>Chaque don compte ! Aider est une question de confiance et d'honneur. Nous vous remercions.<\/p>\n<p><b><\/b><\/p>\n<\/div>\n<\/div><\/div><div id=\"panel-4232-2-0-2\" class=\"widget_text so-panel widget widget_custom_html\" data-index=\"10\" ><div class=\"textwidget custom-html-widget\"><div class=\"su-divider su-divider-style-default\" style=\"margin:15px 0;border-width:1px;border-color:#999999\"><a href=\"#\" style=\"color:#999999\">top<\/a><\/div>\n<\/div><\/div><div id=\"panel-4232-2-0-3\" class=\"so-panel widget widget_sow-image panel-last-child\" data-index=\"11\" ><div\n\t\t\t\n\t\t\tclass=\"so-widget-sow-image so-widget-sow-image-default-8b5b6f678277-4232\"\n\t\t\t\n\t\t><\/div><\/div><\/div><\/div><\/div>","protected":false},"excerpt":{"rendered":"<p>La pauvret\u00e9 fa\u00e7onne la vie d&rsquo;innombrables personnes au N\u00e9pal. Beaucoup souffrent d&rsquo;un manque d&rsquo;approvisionnement. Alors que nous associons des montagnes \u00e0 couper le souffle au N\u00e9pal, nous oublions que le N\u00e9pal est l&rsquo;un des pays les plus pauvres du monde. Avec votre don, nous donnons une chance au peuple du N\u00e9pal. Download bulletin de versement<\/p>\n","protected":false},"author":4,"featured_media":0,"parent":0,"menu_order":0,"comment_status":"closed","ping_status":"closed","template":"","meta":{"footnotes":""},"class_list":["post-4232","page","type-page","status-publish","hentry"],"_links":{"self":[{"href":"https:\/\/earth-c-air.com\/fr\/wp-json\/wp\/v2\/pages\/4232","targetHints":{"allow":["GET"]}}],"collection":[{"href":"https:\/\/earth-c-air.com\/fr\/wp-json\/wp\/v2\/pages"}],"about":[{"href":"https:\/\/earth-c-air.com\/fr\/wp-json\/wp\/v2\/types\/page"}],"author":[{"embeddable":true,"href":"https:\/\/earth-c-air.com\/fr\/wp-json\/wp\/v2\/users\/4"}],"replies":[{"embeddable":true,"href":"https:\/\/earth-c-air.com\/fr\/wp-json\/wp\/v2\/comments?post=4232"}],"version-history":[{"count":199,"href":"https:\/\/earth-c-air.com\/fr\/wp-json\/wp\/v2\/pages\/4232\/revisions"}],"predecessor-version":[{"id":7701,"href":"https:\/\/earth-c-air.com\/fr\/wp-json\/wp\/v2\/pages\/4232\/revisions\/7701"}],"wp:attachment":[{"href":"https:\/\/earth-c-air.com\/fr\/wp-json\/wp\/v2\/media?parent=4232"}],"curies":[{"name":"wp","href":"https:\/\/api.w.org\/{rel}","templated":true}]}}